{"id":107474,"date":"2023-11-21T19:22:43","date_gmt":"2023-11-21T22:22:43","guid":{"rendered":"https:\/\/equipoenvuelo.com\/pt\/?post_type=product&#038;p=107474"},"modified":"2024-07-13T14:42:16","modified_gmt":"2024-07-13T17:42:16","slug":"pacote-5-questionarios-ps2","status":"publish","type":"product","link":"https:\/\/equipoenvuelo.com\/pt\/produto\/pacote-5-questionarios-ps2\/","title":{"rendered":"Pacote 5 Question\u00e1rios PS2"},"content":{"rendered":"<p>[et_pb_section fb_built=&#8221;1&#8243; specialty=&#8221;on&#8221; _builder_version=&#8221;4.21.0&#8243; _module_preset=&#8221;default&#8221; da_disable_devices=&#8221;off|off|off&#8221; global_colors_info=&#8221;{}&#8221; da_is_popup=&#8221;off&#8221; da_exit_intent=&#8221;off&#8221; da_has_close=&#8221;on&#8221; da_alt_close=&#8221;off&#8221; da_dark_close=&#8221;off&#8221; da_not_modal=&#8221;on&#8221; da_is_singular=&#8221;off&#8221; da_with_loader=&#8221;off&#8221; da_has_shadow=&#8221;on&#8221;][et_pb_column type=&#8221;1_2&#8243; _builder_version=&#8221;4.16&#8243; _module_preset=&#8221;default&#8221; custom_padding=&#8221;|||&#8221; global_colors_info=&#8221;{}&#8221; custom_padding__hover=&#8221;|||&#8221;][et_pb_wc_gallery _builder_version=&#8221;4.21.0&#8243; _module_preset=&#8221;default&#8221; custom_css_main_element=&#8221;    box-shadow: -15px 15px #2DADE3;||&#8221; global_colors_info=&#8221;{}&#8221;][\/et_pb_wc_gallery][\/et_pb_column][et_pb_column type=&#8221;1_2&#8243; specialty_columns=&#8221;2&#8243; _builder_version=&#8221;4.16&#8243; _module_preset=&#8221;default&#8221; custom_padding=&#8221;|||&#8221; global_colors_info=&#8221;{}&#8221; custom_padding__hover=&#8221;|||&#8221;][et_pb_row_inner _builder_version=&#8221;4.21.0&#8243; _module_preset=&#8221;default&#8221; global_colors_info=&#8221;{}&#8221;][et_pb_column_inner saved_specialty_column_type=&#8221;1_2&#8243; _builder_version=&#8221;4.21.0&#8243; _module_preset=&#8221;default&#8221; global_colors_info=&#8221;{}&#8221;][et_pb_wc_title _builder_version=&#8221;4.21.0&#8243; _module_preset=&#8221;default&#8221; header_font=&#8221;|700|||||||&#8221; header_text_color=&#8221;#2DADE3&#8243; global_colors_info=&#8221;{}&#8221;][\/et_pb_wc_title][et_pb_wc_description _builder_version=&#8221;4.21.0&#8243; _module_preset=&#8221;default&#8221; global_colors_info=&#8221;{}&#8221;][\/et_pb_wc_description][\/et_pb_column_inner][\/et_pb_row_inner][et_pb_row_inner _builder_version=&#8221;4.21.0&#8243; _module_preset=&#8221;default&#8221; custom_margin=&#8221;||20px||false|false&#8221; custom_padding=&#8221;||||false&#8221; global_colors_info=&#8221;{}&#8221;][et_pb_column_inner saved_specialty_column_type=&#8221;1_2&#8243; _builder_version=&#8221;4.21.0&#8243; _module_preset=&#8221;default&#8221; global_colors_info=&#8221;{}&#8221;][et_pb_wc_price _builder_version=&#8221;4.21.0&#8243; _module_preset=&#8221;default&#8221; body_text_color=&#8221;#333333&#8243; body_font_size=&#8221;50px&#8221; custom_css_main_element=&#8221;display: inline-block;&#8221; global_colors_info=&#8221;{}&#8221;][\/et_pb_wc_price][\/et_pb_column_inner][\/et_pb_row_inner][et_pb_row_inner _builder_version=&#8221;4.21.0&#8243; _module_preset=&#8221;default&#8221; custom_margin=&#8221;0px||0px||true|false&#8221; custom_padding=&#8221;0px||0px||true|false&#8221; global_colors_info=&#8221;{}&#8221;][et_pb_column_inner saved_specialty_column_type=&#8221;1_2&#8243; _builder_version=&#8221;4.21.0&#8243; _module_preset=&#8221;default&#8221; global_colors_info=&#8221;{}&#8221;][et_pb_button button_url=&#8221;\/pt\/produto-checkout\/pacote-5-questionarios-ps2\/?curso=Pacote%205%20Question\u00e1rios%20PS2&#8243; button_text=&#8221;Comprar&#8221; button_alignment=&#8221;left&#8221; _builder_version=&#8221;4.21.0&#8243; _module_preset=&#8221;58b8bbc4-ff48-4ed9-a07e-8add27b649fa&#8221; button_bg_color=&#8221;#2DADE3&#8243; global_colors_info=&#8221;{}&#8221; button_bg_color__hover=&#8221;#FC5A64&#8243; button_bg_enable_color__hover=&#8221;on&#8221;][\/et_pb_button][\/et_pb_column_inner][\/et_pb_row_inner][\/et_pb_column][\/et_pb_section][et_pb_section fb_built=&#8221;1&#8243; _builder_version=&#8221;4.21.0&#8243; _module_preset=&#8221;default&#8221; da_disable_devices=&#8221;off|off|off&#8221; global_colors_info=&#8221;{}&#8221; da_is_popup=&#8221;off&#8221; da_exit_intent=&#8221;off&#8221; da_has_close=&#8221;on&#8221; da_alt_close=&#8221;off&#8221; da_dark_close=&#8221;off&#8221; da_not_modal=&#8221;on&#8221; da_is_singular=&#8221;off&#8221; da_with_loader=&#8221;off&#8221; da_has_shadow=&#8221;on&#8221;][et_pb_row column_structure=&#8221;2_3,1_3&#8243; _builder_version=&#8221;4.21.0&#8243; _module_preset=&#8221;default&#8221; global_colors_info=&#8221;{}&#8221;][et_pb_column type=&#8221;2_3&#8243; _builder_version=&#8221;4.21.0&#8243; _module_preset=&#8221;default&#8221; global_colors_info=&#8221;{}&#8221;][et_pb_text _builder_version=&#8221;4.21.0&#8243; _dynamic_attributes=&#8221;content&#8221; _module_preset=&#8221;default&#8221; header_2_line_height=&#8221;2em&#8221; global_colors_info=&#8221;{}&#8221;]@ET-DC@eyJkeW5hbWljIjp0cnVlLCJjb250ZW50IjoicHJvZHVjdF9kZXNjcmlwdGlvbiIsInNldHRpbmdzIjp7ImJlZm9yZSI6IiIsImFmdGVyIjoiIn19@[\/et_pb_text][\/et_pb_column][et_pb_column type=&#8221;1_3&#8243; _builder_version=&#8221;4.21.0&#8243; _module_preset=&#8221;default&#8221; sticky_limit_top=&#8221;row&#8221; sticky_limit_bottom=&#8221;row&#8221; motion_trigger_start=&#8221;top&#8221; global_colors_info=&#8221;{}&#8221;][et_pb_wc_images show_product_image=&#8221;off&#8221; show_sale_badge=&#8221;off&#8221; _builder_version=&#8221;4.21.0&#8243; _module_preset=&#8221;default&#8221; sticky_position=&#8221;top&#8221; sticky_offset_top=&#8221;85px&#8221; sticky_limit_bottom=&#8221;row&#8221; border_radii_image=&#8221;on|100%|100%|100%|100%&#8221; global_colors_info=&#8221;{}&#8221;][\/et_pb_wc_images][\/et_pb_column][\/et_pb_row][\/et_pb_section][et_pb_section fb_built=&#8221;1&#8243; _builder_version=&#8221;4.21.0&#8243; _module_preset=&#8221;default&#8221; da_disable_devices=&#8221;off|off|off&#8221; global_colors_info=&#8221;{}&#8221; da_is_popup=&#8221;off&#8221; da_exit_intent=&#8221;off&#8221; da_has_close=&#8221;on&#8221; da_alt_close=&#8221;off&#8221; da_dark_close=&#8221;off&#8221; da_not_modal=&#8221;on&#8221; da_is_singular=&#8221;off&#8221; da_with_loader=&#8221;off&#8221; da_has_shadow=&#8221;on&#8221;][et_pb_row _builder_version=&#8221;4.21.0&#8243; _module_preset=&#8221;default&#8221; global_colors_info=&#8221;{}&#8221;][et_pb_column type=&#8221;4_4&#8243; _builder_version=&#8221;4.21.0&#8243; _module_preset=&#8221;default&#8221; global_colors_info=&#8221;{}&#8221;][et_pb_wc_related_products include_categories=&#8221;current&#8221; show_price=&#8221;off&#8221; show_rating=&#8221;off&#8221; show_sale_badge=&#8221;off&#8221; _builder_version=&#8221;4.21.0&#8243; _module_preset=&#8221;default&#8221; global_colors_info=&#8221;{}&#8221;][\/et_pb_wc_related_products][\/et_pb_column][\/et_pb_row][\/et_pb_section]<\/p>\n","protected":false},"excerpt":{"rendered":"<p>Esse pacote inclui os 5 protocolos a seguir:<br \/>\n<small>. 1 question\u00e1rio Perfil Sensorial 2 &#8211; Caderno Beb\u00ea.<br \/>\n. 1 question\u00e1rio Perfil Sensorial 2 &#8211; Caderno Crian\u00e7a Pequena.<br \/>\n. 1 question\u00e1rio Perfil Sensorial 2 &#8211; Caderno Crian\u00e7a.<br \/>\n. 1 question\u00e1rio Perfil Sensorial 2 &#8211; Caderno Abreviado.<br \/>\n. 1 question\u00e1rio Perfil Sensorial 2 &#8211; Caderno Acompanhamento Escola.<\/small><\/p>\n","protected":false},"featured_media":107458,"comment_status":"open","ping_status":"closed","template":"","meta":{"_et_pb_use_builder":"on","_et_pb_old_content":"<h2>Detalhes<\/h2>\r\nPor meio de um conjunto de cinco question\u00e1rios com corre\u00e7\u00e3o digital e um Manual do Usu\u00e1rio did\u00e1tico e informativo, o Perfil Sensorial 2 fornece um conjunto de ferramentas padronizadas para avaliar os padr\u00f5es de processamento sensorial da crian\u00e7a no contexto da vida cotidiana.\r\n\r\nEstas informa\u00e7\u00f5es proporcionam uma maneira \u00fanica de determinar como o processamento sensorial pode estar contribuindo ou interferindo com rela\u00e7\u00e3o \u00e0 participa\u00e7\u00e3o. Quando combinadas com outras informa\u00e7\u00f5es sobre a crian\u00e7a em contexto, os profissionais podem planejar interven\u00e7\u00f5es eficazes de apoio \u00e0s crian\u00e7as, fam\u00edlias e educadores, conforme eles interagem uns com os outros ao longo do dia.\r\n<h2>Question\u00e1rios<\/h2>\r\n. Perfil Sensorial 2 do Beb\u00ea pede aos cuidadores que preencham 25 itens sobre seus beb\u00eas, desde o nascimento at\u00e9 seis meses de idade.\r\n\r\n. Perfil Sensorial 2 da Crian\u00e7a Pequena pede aos cuidadores que preencham 54 itens sobre suas crian\u00e7as pequenas, desde sete meses at\u00e9 35 meses de idade.\r\n\r\n. Perfil Sensorial 2 da Crian\u00e7a avalia crian\u00e7as com idades entre 3 anos e 0 meses e 14 anos e 11 meses. Os cuidadores tamb\u00e9m preenchem este question\u00e1rio, que consiste em 86 itens.\r\n\r\n. Perfil Sensorial 2 Abreviado tamb\u00e9m avalia crian\u00e7as com idades entre 3 anos e 0 meses e 14 anos e 11 meses. Este question\u00e1rio possui 34 itens e \u00e9 preenchido pelo(s) cuidador(es) da crian\u00e7a.\r\n\r\n. Perfil Sensorial 2 de Acompanhamento Escolar avalia crian\u00e7as com idades entre 3 anos e 0 meses e 14 anos e 11 meses, a partir das perspectivas dos professores. Os professores preenchem este question\u00e1rio de 44 itens sobre os estudantes em suas aulas.","_et_gb_content_width":""},"product_brand":[],"product_cat":[34],"product_tag":[],"class_list":{"0":"post-107474","1":"product","2":"type-product","3":"status-publish","4":"has-post-thumbnail","6":"product_cat-productos-perfil-sensorial-2","8":"first","9":"instock","10":"shipping-taxable","11":"purchasable","12":"product-type-simple"},"_links":{"self":[{"href":"https:\/\/equipoenvuelo.com\/pt\/wp-json\/wp\/v2\/product\/107474","targetHints":{"allow":["GET"]}}],"collection":[{"href":"https:\/\/equipoenvuelo.com\/pt\/wp-json\/wp\/v2\/product"}],"about":[{"href":"https:\/\/equipoenvuelo.com\/pt\/wp-json\/wp\/v2\/types\/product"}],"replies":[{"embeddable":true,"href":"https:\/\/equipoenvuelo.com\/pt\/wp-json\/wp\/v2\/comments?post=107474"}],"wp:featuredmedia":[{"embeddable":true,"href":"https:\/\/equipoenvuelo.com\/pt\/wp-json\/wp\/v2\/media\/107458"}],"wp:attachment":[{"href":"https:\/\/equipoenvuelo.com\/pt\/wp-json\/wp\/v2\/media?parent=107474"}],"wp:term":[{"taxonomy":"product_brand","embeddable":true,"href":"https:\/\/equipoenvuelo.com\/pt\/wp-json\/wp\/v2\/product_brand?post=107474"},{"taxonomy":"product_cat","embeddable":true,"href":"https:\/\/equipoenvuelo.com\/pt\/wp-json\/wp\/v2\/product_cat?post=107474"},{"taxonomy":"product_tag","embeddable":true,"href":"https:\/\/equipoenvuelo.com\/pt\/wp-json\/wp\/v2\/product_tag?post=107474"}],"curies":[{"name":"wp","href":"https:\/\/api.w.org\/{rel}","templated":true}]}}