{"id":107861,"date":"2024-12-11T15:46:04","date_gmt":"2024-12-11T18:46:04","guid":{"rendered":"https:\/\/equipoenvuelo.com\/pt\/?page_id=107861"},"modified":"2025-01-31T16:44:22","modified_gmt":"2025-01-31T19:44:22","slug":"processamento-sensorial-em-adolescentes-e-adultos-autistas","status":"publish","type":"page","link":"https:\/\/equipoenvuelo.com\/pt\/processamento-sensorial-em-adolescentes-e-adultos-autistas\/","title":{"rendered":"Processamento Sensorial em Adolescentes e Adultos Autistas"},"content":{"rendered":"<p>[et_pb_section fb_built=&#8221;1&#8243; admin_label=&#8221;Section&#8221; _builder_version=&#8221;4.21.0&#8243; _module_preset=&#8221;default&#8221; custom_padding=&#8221;||76px|||&#8221; da_disable_devices=&#8221;off|off|off&#8221; global_colors_info=&#8221;{}&#8221; da_is_popup=&#8221;off&#8221; da_exit_intent=&#8221;off&#8221; da_has_close=&#8221;on&#8221; da_alt_close=&#8221;off&#8221; da_dark_close=&#8221;off&#8221; da_not_modal=&#8221;on&#8221; da_is_singular=&#8221;off&#8221; da_with_loader=&#8221;off&#8221; da_has_shadow=&#8221;on&#8221;][et_pb_row column_structure=&#8221;1_4,3_4&#8243; _builder_version=&#8221;4.21.0&#8243; _module_preset=&#8221;default&#8221; global_colors_info=&#8221;{}&#8221;][et_pb_column type=&#8221;1_4&#8243; _builder_version=&#8221;4.21.0&#8243; _module_preset=&#8221;default&#8221; global_colors_info=&#8221;{}&#8221;][et_pb_text _builder_version=&#8221;4.21.0&#8243; _module_preset=&#8221;default&#8221; text_font=&#8221;|800|||||||&#8221; text_text_color=&#8221;#FC5A64&#8243; text_font_size=&#8221;46px&#8221; width=&#8221;100px&#8221; max_width=&#8221;100px&#8221; module_alignment=&#8221;center&#8221; custom_margin=&#8221;|9px|||false|false&#8221; custom_padding=&#8221;35px|20px|35px|20px|true|true&#8221; border_radii=&#8221;on|300px|300px|300px|300px&#8221; border_width_all=&#8221;2px&#8221; border_color_all=&#8221;#FC5A64&#8243; global_colors_info=&#8221;{}&#8221;]<\/p>\n<p style=\"text-align: center;\">1<\/p>\n<p>[\/et_pb_text][\/et_pb_column][et_pb_column type=&#8221;3_4&#8243; _builder_version=&#8221;4.21.0&#8243; _module_preset=&#8221;default&#8221; global_colors_info=&#8221;{}&#8221;][et_pb_text _builder_version=&#8221;4.21.0&#8243; _module_preset=&#8221;default&#8221; global_colors_info=&#8221;{}&#8221;]<\/p>\n<h1>Preencha o formul\u00e1rio de inscri\u00e7\u00e3o<\/h1>\n<p>[\/et_pb_text][\/et_pb_column][\/et_pb_row][\/et_pb_section][et_pb_section fb_built=&#8221;1&#8243; admin_label=&#8221;Section&#8221; _builder_version=&#8221;4.21.0&#8243; _module_preset=&#8221;default&#8221; da_disable_devices=&#8221;off|off|off&#8221; global_colors_info=&#8221;{}&#8221; da_is_popup=&#8221;off&#8221; da_exit_intent=&#8221;off&#8221; da_has_close=&#8221;on&#8221; da_alt_close=&#8221;off&#8221; da_dark_close=&#8221;off&#8221; da_not_modal=&#8221;on&#8221; da_is_singular=&#8221;off&#8221; da_with_loader=&#8221;off&#8221; da_has_shadow=&#8221;on&#8221;][et_pb_row column_structure=&#8221;1_2,1_2&#8243; _builder_version=&#8221;4.21.0&#8243; _module_preset=&#8221;default&#8221; global_colors_info=&#8221;{}&#8221;][et_pb_column type=&#8221;1_2&#8243; _builder_version=&#8221;4.21.0&#8243; _module_preset=&#8221;default&#8221; global_colors_info=&#8221;{}&#8221;][et_pb_text _builder_version=&#8221;4.21.0&#8243; _module_preset=&#8221;default&#8221; hover_enabled=&#8221;0&#8243; global_colors_info=&#8221;{}&#8221; sticky_enabled=&#8221;0&#8243;]<\/p>\n<h2>Valor de inscri\u00e7\u00e3o<\/h2>\n<p>\u2022 Pagamento no PIX \/ Boleto: R$ 370<br \/>\u2022 MercadoPago (Cart\u00e3o de cr\u00e9dito): R$ 389<\/p>\n<p>&nbsp;<\/p>\n<hr \/>\n<p>&nbsp;<\/p>\n<p><strong>Meios de pagamento:<\/strong><br \/>\u2022 PIX.<br \/>\u2022 MercadoPago (Cart\u00e3o de Cr\u00e9dito \/ D\u00e9bito).<br \/>\u2022 Boleto<\/p>\n<p>[\/et_pb_text][et_pb_divider divider_position=&#8221;center&#8221; _builder_version=&#8221;4.21.0&#8243; _module_preset=&#8221;default&#8221; custom_margin=&#8221;20px||20px||true|false&#8221; custom_padding=&#8221;0px||0px||true|false&#8221; global_colors_info=&#8221;{}&#8221;][\/et_pb_divider][et_pb_text _builder_version=&#8221;4.21.0&#8243; _module_preset=&#8221;default&#8221; text_font_size=&#8221;16px&#8221; global_colors_info=&#8221;{}&#8221;]<\/p>\n<p><span>IMPORTANTE! POR FAVOR LEIA:<\/span><br \/><span>. Nenhum reembolso ser\u00e1 emitido se o participante finalmente decidir n\u00e3o fazer o curso. No entanto, permitiremos que a vaga seja transferida para outro interessado.<\/span><br \/><span>. Se por algum motivo de for\u00e7a maior, o curso precisar ser remarcado e o participante decidir n\u00e3o manter sua inscri\u00e7\u00e3o, EQUIPO EN VUELO reembolsar\u00e1 o valor total pago.<\/span><\/p>\n<p><span>No caso de preenchimento da ficha de inscri\u00e7\u00e3o, pressup\u00f5e-se que o participante concorda com as condi\u00e7\u00f5es acima mencionadas.<\/span><\/p>\n<p>[\/et_pb_text][\/et_pb_column][et_pb_column type=&#8221;1_2&#8243; _builder_version=&#8221;4.21.0&#8243; _module_preset=&#8221;default&#8221; global_colors_info=&#8221;{}&#8221;][dvppl_cf7_styler cf7=&#8221;107385&#8243; _builder_version=&#8221;4.21.0&#8243; _module_preset=&#8221;default&#8221; custom_submit_button=&#8221;on&#8221; submit_button_text_color=&#8221;#FFFFFF&#8221; submit_button_bg_color=&#8221;#FFC42D&#8221; submit_button_border_width=&#8221;2px&#8221; submit_button_border_color=&#8221;#FFC42D&#8221; submit_button_border_radius=&#8221;50px&#8221; submit_button_font=&#8221;QSand reg|700|||||||&#8221; submit_button_custom_padding=&#8221;16px|24px|16px|24px|true|true&#8221; global_colors_info=&#8221;{}&#8221; submit_button_text_color__hover_enabled=&#8221;on|hover&#8221; submit_button_text_color__hover=&#8221;#FFC42D&#8221; submit_button_bg_color__hover_enabled=&#8221;on|hover&#8221; submit_button_bg_color__hover=&#8221;RGBA(255,255,255,0)&#8221; submit_button_bg_enable_color__hover=&#8221;on&#8221; submit_button_border_width__hover_enabled=&#8221;on|desktop&#8221; submit_button_border_width__hover=&#8221;2px&#8221; submit_button_border_color__hover_enabled=&#8221;on|hover&#8221; submit_button_border_color__hover=&#8221;#FFC42D&#8221;][\/dvppl_cf7_styler][\/et_pb_column][\/et_pb_row][\/et_pb_section][et_pb_section fb_built=&#8221;1&#8243; admin_label=&#8221;Section&#8221; module_id=&#8221;realizar-pago&#8221; _builder_version=&#8221;4.21.0&#8243; _module_preset=&#8221;default&#8221; da_disable_devices=&#8221;off|off|off&#8221; global_colors_info=&#8221;{}&#8221; da_is_popup=&#8221;off&#8221; da_exit_intent=&#8221;off&#8221; da_has_close=&#8221;on&#8221; da_alt_close=&#8221;off&#8221; da_dark_close=&#8221;off&#8221; da_not_modal=&#8221;on&#8221; da_is_singular=&#8221;off&#8221; da_with_loader=&#8221;off&#8221; da_has_shadow=&#8221;on&#8221;][et_pb_row column_structure=&#8221;1_4,3_4&#8243; make_equal=&#8221;on&#8221; _builder_version=&#8221;4.21.0&#8243; _module_preset=&#8221;default&#8221; locked=&#8221;off&#8221; global_colors_info=&#8221;{}&#8221;][et_pb_column type=&#8221;1_4&#8243; _builder_version=&#8221;4.21.0&#8243; _module_preset=&#8221;default&#8221; global_colors_info=&#8221;{}&#8221;][et_pb_text _builder_version=&#8221;4.21.0&#8243; _module_preset=&#8221;default&#8221; text_font=&#8221;|800|||||||&#8221; text_text_color=&#8221;#FC5A64&#8243; text_font_size=&#8221;46px&#8221; width=&#8221;100px&#8221; max_width=&#8221;100px&#8221; module_alignment=&#8221;center&#8221; custom_margin=&#8221;|9px|||false|false&#8221; custom_padding=&#8221;35px|20px|35px|20px|true|true&#8221; border_radii=&#8221;on|300px|300px|300px|300px&#8221; border_width_all=&#8221;2px&#8221; border_color_all=&#8221;#FC5A64&#8243; global_colors_info=&#8221;{}&#8221;]<\/p>\n<p style=\"text-align: center;\">2<\/p>\n<p>[\/et_pb_text][\/et_pb_column][et_pb_column type=&#8221;3_4&#8243; _builder_version=&#8221;4.21.0&#8243; _module_preset=&#8221;default&#8221; custom_padding=&#8221;20px||20px||true|false&#8221; global_colors_info=&#8221;{}&#8221;][et_pb_text _builder_version=&#8221;4.21.0&#8243; _module_preset=&#8221;default&#8221; text_orientation_tablet=&#8221;&#8221; text_orientation_phone=&#8221;center&#8221; text_orientation_last_edited=&#8221;on|desktop&#8221; global_colors_info=&#8221;{}&#8221;]<\/p>\n<h1>Fa\u00e7a o pagamento<\/h1>\n<p>[\/et_pb_text][\/et_pb_column][\/et_pb_row][et_pb_row use_custom_gutter=&#8221;on&#8221; gutter_width=&#8221;1&#8243; make_equal=&#8221;on&#8221; _builder_version=&#8221;4.21.0&#8243; _module_preset=&#8221;default&#8221; width=&#8221;70%&#8221; locked=&#8221;off&#8221; global_colors_info=&#8221;{}&#8221;][et_pb_column type=&#8221;4_4&#8243; _builder_version=&#8221;4.21.0&#8243; _module_preset=&#8221;default&#8221; custom_padding=&#8221;|20px||20px|false|true&#8221; border_color_all=&#8221;#FC5A64&#8243; border_style_all=&#8221;none&#8221; border_width_right=&#8221;1px&#8221; border_width_right_tablet=&#8221;0px&#8221; border_width_right_phone=&#8221;0px&#8221; border_width_right_last_edited=&#8221;on|desktop&#8221; global_colors_info=&#8221;{}&#8221; border_width_right__hover_enabled=&#8221;off|desktop&#8221;][et_pb_text module_class=&#8221;medios-pago-title&#8221; _builder_version=&#8221;4.21.0&#8243; _module_preset=&#8221;default&#8221; global_colors_info=&#8221;{}&#8221;]<\/p>\n<h3>Meios de pagamento:<\/h3>\n<p>[\/et_pb_text][et_pb_toggle title=&#8221;Transfer\u00eancia Banc\u00e1ria \/ PIX&#8221; open_toggle_text_color=&#8221;#FC5A64&#8243; closed_toggle_background_color=&#8221;#FFC42D&#8221; icon_color=&#8221;#FFFFFF&#8221; _builder_version=&#8221;4.21.0&#8243; _module_preset=&#8221;default&#8221; title_text_color=&#8221;#FFFFFF&#8221; title_level=&#8221;h6&#8243; body_font_size=&#8221;16px&#8221; global_colors_info=&#8221;{}&#8221;]<\/p>\n<p><negro><strong>Banco Ita\u00fa<\/strong><br \/><strong>Ag\u00eancia<\/strong><span>\u00a0<\/span>0726<br \/><strong>Conta Corrente<\/strong><span>\u00a0<\/span>99575-6<br \/><strong>CPF<\/strong><span>\u00a0<\/span>066.427.357-22<br \/><strong>CNJP<\/strong><span>\u00a0<\/span>45.027.456\/0001-83<br \/>Manuel Cobo<\/negro><\/p>\n<p><strong>PIX<\/strong><span>\u00a0<\/span>manuelcobo17@gmail.com<\/p>\n<p>[\/et_pb_toggle][et_pb_toggle title=&#8221;MercadoPago&#8221; open_toggle_text_color=&#8221;#FC5A64&#8243; closed_toggle_background_color=&#8221;#FFC42D&#8221; icon_color=&#8221;#FFFFFF&#8221; _builder_version=&#8221;4.21.0&#8243; _module_preset=&#8221;default&#8221; title_text_color=&#8221;#FFFFFF&#8221; title_level=&#8221;h6&#8243; body_font_size=&#8221;16px&#8221; global_colors_info=&#8221;{}&#8221;]<\/p>\n<p><negro>(Cart\u00e3o de Cr\u00e9dito \/ D\u00e9bito).<br \/>*Ter\u00e1 a op\u00e7\u00e3o de parcelar em at\u00e9 12 vezes no cart\u00e3o, com juros.<br \/>Fa\u00e7a clique no seguinte bot\u00e3o e siga as instru\u00e7\u00f5es:<\/negro><\/p>\n<p><a href=\"https:\/\/mpago.la\/1Eer8Tw\" target=\"_blank\" class=\"btn-secondary\" rel=\"noopener\">Pagar<\/a><span><\/span><\/p>\n<p>[\/et_pb_toggle][et_pb_toggle title=&#8221;Boleto&#8221; open_toggle_text_color=&#8221;#FC5A64&#8243; closed_toggle_background_color=&#8221;#FFC42D&#8221; icon_color=&#8221;#FFFFFF&#8221; _builder_version=&#8221;4.21.0&#8243; _module_preset=&#8221;default&#8221; title_text_color=&#8221;#FFFFFF&#8221; title_level=&#8221;h6&#8243; body_font_size=&#8221;16px&#8221; global_colors_info=&#8221;{}&#8221;]<\/p>\n<p>Envie uma mensagem no WhatsApp (47 98928 9696) com as seguintes informa\u00e7\u00f5es:<br \/>CPF:<br \/>Nome e Sobrenome:<br \/>Email:<br \/>Endere\u00e7o (com Cep):<br \/>Enviaremos o boleto assim que poss\u00edvel.<\/p>\n<p>[\/et_pb_toggle][\/et_pb_column][\/et_pb_row][et_pb_row _builder_version=&#8221;4.21.0&#8243; _module_preset=&#8221;default&#8221; global_colors_info=&#8221;{}&#8221;][et_pb_column type=&#8221;4_4&#8243; _builder_version=&#8221;4.21.0&#8243; _module_preset=&#8221;default&#8221; global_colors_info=&#8221;{}&#8221;][et_pb_button button_url=&#8221;#informar-pago&#8221; button_text=&#8221;Seguinte&#8221; _builder_version=&#8221;4.21.0&#8243; _module_preset=&#8221;52409fe4-59fa-4b19-b578-c131ee8e93c9&#8243; button_bg_color=&#8221;#FFC42D&#8221; button_border_width=&#8221;2px&#8221; button_border_color=&#8221;#FFC42D&#8221; button_font=&#8221;|600|||||||&#8221; custom_padding=&#8221;16px|24px|16px|24px|true|true&#8221; global_colors_info=&#8221;{}&#8221; button_text_color__hover_enabled=&#8221;on|hover&#8221; button_text_color__hover=&#8221;#FFC42D&#8221; button_bg_color__hover_enabled=&#8221;on|hover&#8221; button_bg_color__hover=&#8221;#FFFFFF&#8221; button_bg_enable_color__hover=&#8221;on&#8221; button_border_color__hover_enabled=&#8221;on|desktop&#8221; button_border_color__hover=&#8221;#FFC42D&#8221;][\/et_pb_button][\/et_pb_column][\/et_pb_row][\/et_pb_section][et_pb_section fb_built=&#8221;1&#8243; admin_label=&#8221;Section&#8221; module_id=&#8221;informar-pago&#8221; _builder_version=&#8221;4.21.0&#8243; _module_preset=&#8221;default&#8221; da_disable_devices=&#8221;off|off|off&#8221; global_colors_info=&#8221;{}&#8221; da_is_popup=&#8221;off&#8221; da_exit_intent=&#8221;off&#8221; da_has_close=&#8221;on&#8221; da_alt_close=&#8221;off&#8221; da_dark_close=&#8221;off&#8221; da_not_modal=&#8221;on&#8221; da_is_singular=&#8221;off&#8221; da_with_loader=&#8221;off&#8221; da_has_shadow=&#8221;on&#8221;][et_pb_row column_structure=&#8221;1_4,3_4&#8243; make_equal=&#8221;on&#8221; _builder_version=&#8221;4.21.0&#8243; _module_preset=&#8221;default&#8221; locked=&#8221;off&#8221; global_colors_info=&#8221;{}&#8221;][et_pb_column type=&#8221;1_4&#8243; _builder_version=&#8221;4.21.0&#8243; _module_preset=&#8221;default&#8221; global_colors_info=&#8221;{}&#8221;][et_pb_text _builder_version=&#8221;4.21.0&#8243; _module_preset=&#8221;default&#8221; text_font=&#8221;|800|||||||&#8221; text_text_color=&#8221;#FC5A64&#8243; text_font_size=&#8221;46px&#8221; width=&#8221;100px&#8221; max_width=&#8221;100px&#8221; module_alignment=&#8221;center&#8221; custom_margin=&#8221;|9px|||false|false&#8221; custom_padding=&#8221;35px|20px|35px|20px|true|true&#8221; border_radii=&#8221;on|300px|300px|300px|300px&#8221; border_width_all=&#8221;2px&#8221; border_color_all=&#8221;#FC5A64&#8243; global_colors_info=&#8221;{}&#8221;]<\/p>\n<p style=\"text-align: center;\">3<\/p>\n<p>[\/et_pb_text][\/et_pb_column][et_pb_column type=&#8221;3_4&#8243; _builder_version=&#8221;4.21.0&#8243; _module_preset=&#8221;default&#8221; custom_padding=&#8221;20px||20px||true|false&#8221; global_colors_info=&#8221;{}&#8221;][et_pb_text _builder_version=&#8221;4.21.0&#8243; _module_preset=&#8221;default&#8221; text_orientation_tablet=&#8221;&#8221; text_orientation_phone=&#8221;center&#8221; text_orientation_last_edited=&#8221;on|desktop&#8221; global_colors_info=&#8221;{}&#8221;]<\/p>\n<h1>Informe-nos o seu pagamento<\/h1>\n<p>[\/et_pb_text][\/et_pb_column][\/et_pb_row][et_pb_row _builder_version=&#8221;4.21.0&#8243; _module_preset=&#8221;default&#8221; global_colors_info=&#8221;{}&#8221;][et_pb_column type=&#8221;4_4&#8243; _builder_version=&#8221;4.21.0&#8243; _module_preset=&#8221;default&#8221; global_colors_info=&#8221;{}&#8221;][et_pb_text _builder_version=&#8221;4.21.0&#8243; _module_preset=&#8221;default&#8221; global_colors_info=&#8221;{}&#8221;]<\/p>\n<div class=\"col-12 col-lg-6 checkout_textito\">\n<p style=\"text-align: left;\">Para finalizar sua inscri\u00e7\u00e3o, por favor, complete o seguinte e anexe comprovante de pagamento.<\/p>\n<p>&nbsp;<\/p>\n<\/div>\n<div class=\"col-12 col-lg-6 checkout_textito checkout_form\"><\/div>\n<p>[\/et_pb_text][dvppl_cf7_styler cf7=&#8221;106553&#8243; _builder_version=&#8221;4.21.0&#8243; _module_preset=&#8221;default&#8221; custom_submit_button=&#8221;on&#8221; submit_button_text_color=&#8221;#FFFFFF&#8221; submit_button_bg_color=&#8221;#FFC42D&#8221; submit_button_border_width=&#8221;2px&#8221; submit_button_border_color=&#8221;#FFC42D&#8221; submit_button_border_radius=&#8221;300px&#8221; submit_button_font=&#8221;|600|||||||&#8221; submit_button_custom_padding=&#8221;16px|20px|16px|20px|true|true&#8221; custom_padding=&#8221;||||true|true&#8221; global_colors_info=&#8221;{}&#8221; submit_button_bg_color__hover_enabled=&#8221;on|desktop&#8221; submit_button_bg_color__hover=&#8221;#FFFFFF&#8221; submit_button_bg_enable_color__hover=&#8221;on&#8221; submit_button_text_color__hover_enabled=&#8221;on|hover&#8221; submit_button_text_color__hover=&#8221;#FFC42D&#8221; submit_button_border_color__hover_enabled=&#8221;on|hover&#8221; submit_button_border_color__hover=&#8221;#FFC42D&#8221;][\/dvppl_cf7_styler][\/et_pb_column][\/et_pb_row][\/et_pb_section][et_pb_section fb_built=&#8221;1&#8243; admin_label=&#8221;Mapa + consultorio&#8221; _builder_version=&#8221;4.21.0&#8243; _module_preset=&#8221;default&#8221; background_color=&#8221;#FFFFFF&#8221; custom_margin=&#8221;0px||0px||true|false&#8221; custom_padding=&#8221;0px||0px||true|false&#8221; da_disable_devices=&#8221;off|off|off&#8221; global_colors_info=&#8221;{}&#8221; da_is_popup=&#8221;off&#8221; da_exit_intent=&#8221;off&#8221; da_has_close=&#8221;on&#8221; da_alt_close=&#8221;off&#8221; da_dark_close=&#8221;off&#8221; da_not_modal=&#8221;on&#8221; da_is_singular=&#8221;off&#8221; da_with_loader=&#8221;off&#8221; da_has_shadow=&#8221;on&#8221;][et_pb_row column_structure=&#8221;1_2,1_2&#8243; _builder_version=&#8221;4.21.0&#8243; _module_preset=&#8221;default&#8221; width=&#8221;100%&#8221; max_width=&#8221;100%&#8221; custom_padding=&#8221;0px||0px||false|false&#8221; global_colors_info=&#8221;{}&#8221;][et_pb_column type=&#8221;1_2&#8243; _builder_version=&#8221;4.21.0&#8243; _module_preset=&#8221;default&#8221; global_colors_info=&#8221;{}&#8221;][et_pb_code _builder_version=&#8221;4.21.0&#8243; _module_preset=&#8221;default&#8221; global_colors_info=&#8221;{}&#8221;]<iframe src=\"https:\/\/www.google.com\/maps\/embed?pb=!1m14!1m8!1m3!1d6584.086390021272!2d-58.65086300000001!3d-34.400248!3m2!1i1024!2i768!4f13.1!3m3!1m2!1s0x95bca14c058e8fdf%3A0x66bd3487471a6775!2sCalle%20del%20Caminante%2080%2C%20Rinc%C3%B3n%20de%20Milberg%2C%20Provincia%20de%20Buenos%20Aires!5e0!3m2!1ses!2sar!4v1685750784927!5m2!1ses!2sar\" width=\"100%\" height=\"300\" style=\"border:0;\" allowfullscreen=\"\" loading=\"lazy\" referrerpolicy=\"no-referrer-when-downgrade\"><\/iframe>[\/et_pb_code][\/et_pb_column][et_pb_column type=&#8221;1_2&#8243; _builder_version=&#8221;4.21.0&#8243; _module_preset=&#8221;default&#8221; custom_padding=&#8221;20px||20px||true|false&#8221; custom_padding_tablet=&#8221;20px||20px||true|false&#8221; custom_padding_phone=&#8221;|20px||20px|true|true&#8221; custom_padding_last_edited=&#8221;on|tablet&#8221; global_colors_info=&#8221;{}&#8221;][et_pb_text _builder_version=&#8221;4.21.0&#8243; _module_preset=&#8221;default&#8221; global_colors_info=&#8221;{}&#8221;]<\/p>\n<h3><negro><strong>Cl\u00ednica<\/strong><\/negro><\/h3>\n<p>[\/et_pb_text][et_pb_blurb use_icon=&#8221;on&#8221; font_icon=&#8221;&#xf3c5;||fa||900&#8243; icon_color=&#8221;#333333&#8243; icon_placement=&#8221;left&#8221; image_icon_width=&#8221;30px&#8221; _builder_version=&#8221;4.21.0&#8243; _module_preset=&#8221;default&#8221; custom_margin=&#8221;||20px||false|false&#8221; global_colors_info=&#8221;{}&#8221;]<\/p>\n<p><negro><strong>Calle del Caminante 80<\/strong>, Vientos del Delta 1, oficina 426, Nordelta, Tigre, Buenos Aires, Argentina.<\/negro><\/p>\n<p>[\/et_pb_blurb][et_pb_blurb use_icon=&#8221;on&#8221; font_icon=&#8221;&#xe090;||divi||400&#8243; icon_color=&#8221;#333333&#8243; icon_placement=&#8221;left&#8221; image_icon_width=&#8221;30px&#8221; _builder_version=&#8221;4.21.0&#8243; _module_preset=&#8221;default&#8221; custom_margin=&#8221;||20px||false|false&#8221; global_colors_info=&#8221;{}&#8221;]<\/p>\n<p><span>+54 9<\/span><strong><span>\u00a0<\/span>4835 6237<\/strong><\/p>\n<p>[\/et_pb_blurb][et_pb_blurb use_icon=&#8221;on&#8221; font_icon=&#8221;&#xe010;||divi||400&#8243; icon_color=&#8221;#333333&#8243; icon_placement=&#8221;left&#8221; image_icon_width=&#8221;30px&#8221; _builder_version=&#8221;4.21.0&#8243; _module_preset=&#8221;default&#8221; global_colors_info=&#8221;{}&#8221;]<\/p>\n<p><a href=\"mailto:consultorio@equipoenvuelo.com\">consultorio@equipoenvuelo.com<\/a><\/p>\n<p>[\/et_pb_blurb][\/et_pb_column][\/et_pb_row][\/et_pb_section]<\/p>\n","protected":false},"excerpt":{"rendered":"<p>1Preencha o formul\u00e1rio de inscri\u00e7\u00e3oValor de inscri\u00e7\u00e3o \u2022 Pagamento no PIX \/ Boleto: R$ 370\u2022 MercadoPago (Cart\u00e3o de cr\u00e9dito): R$ 389 &nbsp; &nbsp; Meios de pagamento:\u2022 PIX.\u2022 MercadoPago (Cart\u00e3o de Cr\u00e9dito \/ D\u00e9bito).\u2022 BoletoIMPORTANTE! POR FAVOR LEIA:. Nenhum reembolso ser\u00e1 emitido se o participante finalmente decidir n\u00e3o fazer o curso. No entanto, permitiremos que a [&hellip;]<\/p>\n","protected":false},"author":292,"featured_media":0,"parent":0,"menu_order":0,"comment_status":"closed","ping_status":"closed","template":"","meta":{"_et_pb_use_builder":"on","_et_pb_old_content":"","_et_gb_content_width":"","footnotes":""},"class_list":["post-107861","page","type-page","status-publish","hentry"],"_links":{"self":[{"href":"https:\/\/equipoenvuelo.com\/pt\/wp-json\/wp\/v2\/pages\/107861","targetHints":{"allow":["GET"]}}],"collection":[{"href":"https:\/\/equipoenvuelo.com\/pt\/wp-json\/wp\/v2\/pages"}],"about":[{"href":"https:\/\/equipoenvuelo.com\/pt\/wp-json\/wp\/v2\/types\/page"}],"author":[{"embeddable":true,"href":"https:\/\/equipoenvuelo.com\/pt\/wp-json\/wp\/v2\/users\/292"}],"replies":[{"embeddable":true,"href":"https:\/\/equipoenvuelo.com\/pt\/wp-json\/wp\/v2\/comments?post=107861"}],"version-history":[{"count":6,"href":"https:\/\/equipoenvuelo.com\/pt\/wp-json\/wp\/v2\/pages\/107861\/revisions"}],"predecessor-version":[{"id":107917,"href":"https:\/\/equipoenvuelo.com\/pt\/wp-json\/wp\/v2\/pages\/107861\/revisions\/107917"}],"wp:attachment":[{"href":"https:\/\/equipoenvuelo.com\/pt\/wp-json\/wp\/v2\/media?parent=107861"}],"curies":[{"name":"wp","href":"https:\/\/api.w.org\/{rel}","templated":true}]}}