{"id":106350,"date":"2023-06-19T12:29:48","date_gmt":"2023-06-19T15:29:48","guid":{"rendered":"https:\/\/equipoenvuelo.com\/pt\/?page_id=106350"},"modified":"2023-06-19T12:50:20","modified_gmt":"2023-06-19T15:50:20","slug":"terapia-ocupacional","status":"publish","type":"page","link":"https:\/\/equipoenvuelo.com\/pt\/terapia-ocupacional\/","title":{"rendered":"Terapia ocupacional"},"content":{"rendered":"<p>[et_pb_section fb_built=&#8221;1&#8243; _builder_version=&#8221;4.21.0&#8243; _module_preset=&#8221;default&#8221; background_color=&#8221;#F2F2F2&#8243; global_colors_info=&#8221;{}&#8221;][et_pb_row column_structure=&#8221;1_2,1_2&#8243; make_equal=&#8221;on&#8221; _builder_version=&#8221;4.21.0&#8243; _module_preset=&#8221;default&#8221; max_width=&#8221;1140px&#8221; custom_padding=&#8221;||0px|||&#8221; global_colors_info=&#8221;{}&#8221;][et_pb_column type=&#8221;1_2&#8243; _builder_version=&#8221;4.21.0&#8243; _module_preset=&#8221;default&#8221; custom_padding=&#8221;||||false|false&#8221; global_colors_info=&#8221;{}&#8221;][et_pb_gallery gallery_ids=&#8221;106372,106373,106374&#8243; fullwidth=&#8221;on&#8221; _builder_version=&#8221;4.21.0&#8243; _module_preset=&#8221;default&#8221; module_alignment=&#8221;center&#8221; auto=&#8221;on&#8221; auto_speed=&#8221;3000&#8243; box_shadow_style=&#8221;preset4&#8243; box_shadow_horizontal=&#8221;-20px&#8221; box_shadow_vertical=&#8221;20px&#8221; box_shadow_color=&#8221;#FC5A64&#8243; global_colors_info=&#8221;{}&#8221;][\/et_pb_gallery][\/et_pb_column][et_pb_column type=&#8221;1_2&#8243; module_class=&#8221;alineacion-vertical&#8221; _builder_version=&#8221;4.21.0&#8243; _module_preset=&#8221;default&#8221; global_colors_info=&#8221;{}&#8221;][et_pb_text _builder_version=&#8221;4.21.0&#8243; _module_preset=&#8221;default&#8221; header_text_color=&#8221;#2DADE3&#8243; header_2_text_align=&#8221;center&#8221; header_2_text_color=&#8221;#2DADE3&#8243; header_2_font_size=&#8221;50px&#8221; animation_style=&#8221;slide&#8221; animation_direction=&#8221;bottom&#8221; locked=&#8221;off&#8221; global_colors_info=&#8221;{}&#8221;]<\/p>\n<h1>Terapia<br \/><strong>Ocupacional<\/strong><\/h1>\n<p>[\/et_pb_text][et_pb_text _builder_version=&#8221;4.21.0&#8243; _module_preset=&#8221;default&#8221; text_line_height=&#8221;1.4em&#8221; hover_enabled=&#8221;0&#8243; global_colors_info=&#8221;{}&#8221; sticky_enabled=&#8221;0&#8243;]<\/p>\n<p>Tem como objetivo desenvolver e promover o desempenho ocupacional de nossas crian\u00e7as (vestir, alimentar-se, higiene, escrita, intera\u00e7\u00e3o social) a partir de diferentes abordagens (Integra\u00e7\u00e3o Sensorial, Neurodesenvolvimento), trabalhando de forma interdisciplinar com a equipe terap\u00eautica, a fam\u00edlia e a escola.<\/p>\n<p>[\/et_pb_text][\/et_pb_column][\/et_pb_row][et_pb_row _builder_version=&#8221;4.21.0&#8243; _module_preset=&#8221;default&#8221; max_width=&#8221;1140px&#8221; module_alignment=&#8221;center&#8221; custom_margin=&#8221;100px||||false|false&#8221; custom_padding=&#8221;0px|||||&#8221; global_colors_info=&#8221;{}&#8221;][et_pb_column type=&#8221;4_4&#8243; _builder_version=&#8221;4.21.0&#8243; _module_preset=&#8221;default&#8221; global_colors_info=&#8221;{}&#8221;][et_pb_text _builder_version=&#8221;4.21.0&#8243; _module_preset=&#8221;default&#8221; hover_enabled=&#8221;0&#8243; global_colors_info=&#8221;{}&#8221; sticky_enabled=&#8221;0&#8243;]<\/p>\n<p><strong>AVALIA\u00c7\u00d5ES USADAS<\/strong><\/p>\n<p><strong>Escala de Desenvolvimento Infantil Bayley (III)<\/strong><span>: \u00c9 administrada de 0 a 43 meses. Instrumento que avalia o desenvolvimento infantil. Os principais objetivos s\u00e3o detectar poss\u00edveis atrasos no desenvolvimento e fornecer informa\u00e7\u00f5es para estabelecer um plano de interven\u00e7\u00e3o.<\/span><\/p>\n<p><strong>Escala motora ABC Movement:<\/strong><span>\u00a0Administrada de 3 a 13 anos. O objetivo espec\u00edfico das observa\u00e7\u00f5es concentra-se nos aspectos perceptivo-motores do desempenho da crian\u00e7a (destreza manual, arremesso e recep\u00e7\u00e3o, e equil\u00edbrio).<\/span><\/p>\n<p><strong>VMI:<\/strong><span>\u00a0Teste Beery-Buktenica de desenvolvimento da integra\u00e7\u00e3o visomotora. \u00c9 administrado a partir de 2 anos.<\/span><\/p>\n<p><strong>SPM:<\/strong><span>\u00a0Sensory Processing Measure (parham et al., 2007) \u00e9 uma escala baseada na teoria de integra\u00e7\u00e3o sensorial de Ayres et al. (1979), que avalia as caracter\u00edsticas do processamento sensorial, participa\u00e7\u00e3o social e pr\u00e1xis em crian\u00e7as.<\/span><\/p>\n<p><strong>Perfil Sensorial-2 (ps-2):<\/strong><span>\u00a0Instrumento padronizado que detecta, a partir de uma s\u00e9rie de perguntas respondidas pelos pais, como a crian\u00e7a responde \u00e0s informa\u00e7\u00f5es sensoriais do ambiente, revelando se existem comportamentos de hiper ou hiposensibilidade \u00e0 determinados canais sensoriais (t\u00e1til, olfativo\/gustativo, visual, auditivo, proprioceptivo e vestibular).<\/span><\/p>\n<p>[\/et_pb_text][\/et_pb_column][\/et_pb_row][et_pb_row column_structure=&#8221;1_4,1_4,1_4,1_4&#8243; make_equal=&#8221;on&#8221; _builder_version=&#8221;4.21.0&#8243; _module_preset=&#8221;default&#8221; max_width=&#8221;1140px&#8221; global_colors_info=&#8221;{}&#8221;][et_pb_column type=&#8221;1_4&#8243; _builder_version=&#8221;4.21.0&#8243; _module_preset=&#8221;default&#8221; global_colors_info=&#8221;{}&#8221;][et_pb_image src=&#8221;https:\/\/equipoenvuelo.com\/pt\/wp-content\/uploads\/2023\/06\/eev_profesional_Tania_Moronta.jpg&#8221; title_text=&#8221;eev_profesional_Tania_Moronta&#8221; _builder_version=&#8221;4.21.0&#8243; _module_preset=&#8221;default&#8221; border_radii=&#8221;on|120px|120px|120px|120px&#8221; global_colors_info=&#8221;{}&#8221;][\/et_pb_image][\/et_pb_column][et_pb_column type=&#8221;1_4&#8243; module_class=&#8221;alineacion-vertical&#8221; _builder_version=&#8221;4.21.0&#8243; _module_preset=&#8221;default&#8221; global_colors_info=&#8221;{}&#8221;][et_pb_text _builder_version=&#8221;4.21.0&#8243; _module_preset=&#8221;default&#8221; hover_enabled=&#8221;0&#8243; global_colors_info=&#8221;{}&#8221; sticky_enabled=&#8221;0&#8243;]<\/p>\n<p><strong>Coordenadora Geral<\/strong><negro><br \/>Lic. T\u00e2nia Moronta.<\/negro><\/p>\n<p><span>Terapeuta Ocupacional Neurodesenvolvimento Bobath Certif. Integra\u00e7\u00e3o Sensorial.<\/span><\/p>\n<p>[\/et_pb_text][\/et_pb_column][et_pb_column type=&#8221;1_4&#8243; _builder_version=&#8221;4.21.0&#8243; _module_preset=&#8221;default&#8221; global_colors_info=&#8221;{}&#8221;][\/et_pb_column][et_pb_column type=&#8221;1_4&#8243; _builder_version=&#8221;4.21.0&#8243; _module_preset=&#8221;default&#8221; global_colors_info=&#8221;{}&#8221;][\/et_pb_column][\/et_pb_row][et_pb_row make_equal=&#8221;on&#8221; _builder_version=&#8221;4.21.0&#8243; _module_preset=&#8221;default&#8221; max_width=&#8221;1140px&#8221; custom_padding=&#8221;||2px|||&#8221; global_colors_info=&#8221;{}&#8221;][et_pb_column type=&#8221;4_4&#8243; _builder_version=&#8221;4.21.0&#8243; _module_preset=&#8221;default&#8221; global_colors_info=&#8221;{}&#8221;][et_pb_text _builder_version=&#8221;4.21.0&#8243; _module_preset=&#8221;default&#8221; global_colors_info=&#8221;{}&#8221;]<\/p>\n<p><strong>Terapeutas Ocupacionales<\/strong><\/p>\n<p>[\/et_pb_text][\/et_pb_column][\/et_pb_row][et_pb_row column_structure=&#8221;1_6,1_6,1_6,1_6,1_6,1_6&#8243; use_custom_gutter=&#8221;on&#8221; gutter_width=&#8221;2&#8243; make_equal=&#8221;on&#8221; _builder_version=&#8221;4.21.0&#8243; _module_preset=&#8221;default&#8221; max_width=&#8221;1140px&#8221; custom_padding=&#8221;||0px|||&#8221; global_colors_info=&#8221;{}&#8221;][et_pb_column type=&#8221;1_6&#8243; _builder_version=&#8221;4.21.0&#8243; _module_preset=&#8221;default&#8221; global_colors_info=&#8221;{}&#8221;][et_pb_team_member name=&#8221;Lic. Mar\u00eda Eugenia Alvarez&#8221; image_url=&#8221;https:\/\/equipoenvuelo.com\/pt\/wp-content\/uploads\/2023\/06\/eev_profesional_Eugenia_Alvarez.jpg&#8221; _builder_version=&#8221;4.21.0&#8243; _module_preset=&#8221;default&#8221; header_text_align=&#8221;center&#8221; border_radii_image=&#8221;on|120px|120px|120px|120px&#8221; global_colors_info=&#8221;{}&#8221;][\/et_pb_team_member][\/et_pb_column][et_pb_column type=&#8221;1_6&#8243; _builder_version=&#8221;4.21.0&#8243; _module_preset=&#8221;default&#8221; global_colors_info=&#8221;{}&#8221;][et_pb_team_member name=&#8221;Lic. Daniela Arcangeli&#8221; image_url=&#8221;https:\/\/equipoenvuelo.com\/pt\/wp-content\/uploads\/2023\/06\/eev_profesional_Daniela_Arcangeli.jpg&#8221; _builder_version=&#8221;4.21.0&#8243; _module_preset=&#8221;default&#8221; header_text_align=&#8221;center&#8221; border_radii_image=&#8221;on|120px|120px|120px|120px&#8221; global_colors_info=&#8221;{}&#8221;][\/et_pb_team_member][\/et_pb_column][et_pb_column type=&#8221;1_6&#8243; _builder_version=&#8221;4.21.0&#8243; _module_preset=&#8221;default&#8221; global_colors_info=&#8221;{}&#8221;][et_pb_team_member name=&#8221;Lic. Gabriela Balboni&#8221; image_url=&#8221;https:\/\/equipoenvuelo.com\/pt\/wp-content\/uploads\/2023\/06\/eev_profesional_Gabriela_Balboni.jpg&#8221; _builder_version=&#8221;4.21.0&#8243; _module_preset=&#8221;default&#8221; header_text_align=&#8221;center&#8221; border_radii_image=&#8221;on|120px|120px|120px|120px&#8221; global_colors_info=&#8221;{}&#8221;][\/et_pb_team_member][\/et_pb_column][et_pb_column type=&#8221;1_6&#8243; _builder_version=&#8221;4.21.0&#8243; _module_preset=&#8221;default&#8221; global_colors_info=&#8221;{}&#8221;][et_pb_team_member name=&#8221;Lic. Natalia Baz&#8221; image_url=&#8221;https:\/\/equipoenvuelo.com\/pt\/wp-content\/uploads\/2023\/06\/eev_profesional_Natalia_Baz.jpg&#8221; _builder_version=&#8221;4.21.0&#8243; _module_preset=&#8221;default&#8221; header_text_align=&#8221;center&#8221; border_radii_image=&#8221;on|120px|120px|120px|120px&#8221; global_colors_info=&#8221;{}&#8221;][\/et_pb_team_member][\/et_pb_column][et_pb_column type=&#8221;1_6&#8243; _builder_version=&#8221;4.21.0&#8243; _module_preset=&#8221;default&#8221; global_colors_info=&#8221;{}&#8221;][et_pb_team_member name=&#8221;Lic. Constanza Cerimedo&#8221; image_url=&#8221;https:\/\/equipoenvuelo.com\/pt\/wp-content\/uploads\/2023\/06\/eev_profesional_Constanza_Cerimedo.jpg&#8221; _builder_version=&#8221;4.21.0&#8243; _module_preset=&#8221;default&#8221; header_text_align=&#8221;center&#8221; border_radii_image=&#8221;on|120px|120px|120px|120px&#8221; global_colors_info=&#8221;{}&#8221;][\/et_pb_team_member][\/et_pb_column][et_pb_column type=&#8221;1_6&#8243; _builder_version=&#8221;4.21.0&#8243; _module_preset=&#8221;default&#8221; global_colors_info=&#8221;{}&#8221;][et_pb_team_member name=&#8221;Lic. Paola D\u00b4Odorico&#8221; image_url=&#8221;https:\/\/equipoenvuelo.com\/pt\/wp-content\/uploads\/2023\/06\/eev_profesional_Paola_Dodorico.jpg&#8221; _builder_version=&#8221;4.21.0&#8243; _module_preset=&#8221;default&#8221; header_text_align=&#8221;center&#8221; border_radii_image=&#8221;on|120px|120px|120px|120px&#8221; global_colors_info=&#8221;{}&#8221;][\/et_pb_team_member][\/et_pb_column][\/et_pb_row][et_pb_row column_structure=&#8221;1_6,1_6,1_6,1_6,1_6,1_6&#8243; use_custom_gutter=&#8221;on&#8221; gutter_width=&#8221;2&#8243; make_equal=&#8221;on&#8221; _builder_version=&#8221;4.21.0&#8243; _module_preset=&#8221;default&#8221; max_width=&#8221;1140px&#8221; global_colors_info=&#8221;{}&#8221;][et_pb_column type=&#8221;1_6&#8243; _builder_version=&#8221;4.21.0&#8243; _module_preset=&#8221;default&#8221; global_colors_info=&#8221;{}&#8221;][et_pb_team_member name=&#8221;Lic. Constanza Gasibe&#8221; image_url=&#8221;https:\/\/equipoenvuelo.com\/pt\/wp-content\/uploads\/2023\/06\/eev_profesional_Constanza_Gasibe.jpg&#8221; _builder_version=&#8221;4.21.0&#8243; _module_preset=&#8221;default&#8221; header_text_align=&#8221;center&#8221; border_radii_image=&#8221;on|120px|120px|120px|120px&#8221; global_colors_info=&#8221;{}&#8221;][\/et_pb_team_member][\/et_pb_column][et_pb_column type=&#8221;1_6&#8243; _builder_version=&#8221;4.21.0&#8243; _module_preset=&#8221;default&#8221; global_colors_info=&#8221;{}&#8221;][et_pb_team_member name=&#8221;Lic. Lucia Nadal&#8221; image_url=&#8221;https:\/\/equipoenvuelo.com\/pt\/wp-content\/uploads\/2023\/06\/eev_profesional_Maria_Lucia_Nadal.jpg&#8221; _builder_version=&#8221;4.21.0&#8243; _module_preset=&#8221;default&#8221; header_text_align=&#8221;center&#8221; border_radii_image=&#8221;on|120px|120px|120px|120px&#8221; global_colors_info=&#8221;{}&#8221;][\/et_pb_team_member][\/et_pb_column][et_pb_column type=&#8221;1_6&#8243; _builder_version=&#8221;4.21.0&#8243; _module_preset=&#8221;default&#8221; global_colors_info=&#8221;{}&#8221;][et_pb_team_member name=&#8221;Lic. Valeria Forte&#8221; image_url=&#8221;https:\/\/equipoenvuelo.com\/pt\/wp-content\/uploads\/2023\/06\/eev_profesional_Valeria_Forte.jpg&#8221; _builder_version=&#8221;4.21.0&#8243; _module_preset=&#8221;default&#8221; header_text_align=&#8221;center&#8221; border_radii_image=&#8221;on|120px|120px|120px|120px&#8221; global_colors_info=&#8221;{}&#8221;][\/et_pb_team_member][\/et_pb_column][et_pb_column type=&#8221;1_6&#8243; _builder_version=&#8221;4.21.0&#8243; _module_preset=&#8221;default&#8221; global_colors_info=&#8221;{}&#8221;][et_pb_team_member name=&#8221;Lic. Josefina Cerrudo&#8221; image_url=&#8221;https:\/\/equipoenvuelo.com\/pt\/wp-content\/uploads\/2023\/06\/eev_profesional_Josefina_Cerrudo.jpg&#8221; _builder_version=&#8221;4.21.0&#8243; _module_preset=&#8221;default&#8221; header_text_align=&#8221;center&#8221; border_radii_image=&#8221;on|120px|120px|120px|120px&#8221; global_colors_info=&#8221;{}&#8221;][\/et_pb_team_member][\/et_pb_column][et_pb_column type=&#8221;1_6&#8243; _builder_version=&#8221;4.21.0&#8243; _module_preset=&#8221;default&#8221; global_colors_info=&#8221;{}&#8221;][et_pb_team_member name=&#8221;Lic. Constanza Cerimedo&#8221; image_url=&#8221;https:\/\/equipoenvuelo.com\/pt\/wp-content\/uploads\/2023\/06\/eev_profesional_Constanza_Cerimedo.jpg&#8221; _builder_version=&#8221;4.21.0&#8243; _module_preset=&#8221;default&#8221; header_text_align=&#8221;center&#8221; border_radii_image=&#8221;on|120px|120px|120px|120px&#8221; global_colors_info=&#8221;{}&#8221;][\/et_pb_team_member][\/et_pb_column][et_pb_column type=&#8221;1_6&#8243; _builder_version=&#8221;4.21.0&#8243; _module_preset=&#8221;default&#8221; global_colors_info=&#8221;{}&#8221;][\/et_pb_column][\/et_pb_row][et_pb_row make_equal=&#8221;on&#8221; _builder_version=&#8221;4.21.0&#8243; _module_preset=&#8221;default&#8221; max_width=&#8221;1140px&#8221; custom_padding=&#8221;||2px|||&#8221; global_colors_info=&#8221;{}&#8221;][et_pb_column type=&#8221;4_4&#8243; _builder_version=&#8221;4.21.0&#8243; _module_preset=&#8221;default&#8221; global_colors_info=&#8221;{}&#8221;][et_pb_text _builder_version=&#8221;4.21.0&#8243; _module_preset=&#8221;default&#8221; global_colors_info=&#8221;{}&#8221;]<\/p>\n<p><strong>Secretaria Administrativa<\/strong><\/p>\n<p>[\/et_pb_text][\/et_pb_column][\/et_pb_row][et_pb_row column_structure=&#8221;1_6,1_6,1_6,1_6,1_6,1_6&#8243; use_custom_gutter=&#8221;on&#8221; gutter_width=&#8221;2&#8243; make_equal=&#8221;on&#8221; _builder_version=&#8221;4.21.0&#8243; _module_preset=&#8221;default&#8221; max_width=&#8221;1140px&#8221; global_colors_info=&#8221;{}&#8221;][et_pb_column type=&#8221;1_6&#8243; _builder_version=&#8221;4.21.0&#8243; _module_preset=&#8221;default&#8221; global_colors_info=&#8221;{}&#8221;][et_pb_team_member name=&#8221;Cecilia Garc\u00eda&#8221; image_url=&#8221;https:\/\/equipoenvuelo.com\/pt\/wp-content\/uploads\/2023\/06\/eev_profesional_Cecilia_Garcia.jpg&#8221; _builder_version=&#8221;4.21.0&#8243; _module_preset=&#8221;default&#8221; header_text_align=&#8221;center&#8221; border_radii_image=&#8221;on|120px|120px|120px|120px&#8221; global_colors_info=&#8221;{}&#8221;][\/et_pb_team_member][\/et_pb_column][et_pb_column type=&#8221;1_6&#8243; _builder_version=&#8221;4.21.0&#8243; _module_preset=&#8221;default&#8221; global_colors_info=&#8221;{}&#8221;][\/et_pb_column][et_pb_column type=&#8221;1_6&#8243; _builder_version=&#8221;4.21.0&#8243; _module_preset=&#8221;default&#8221; global_colors_info=&#8221;{}&#8221;][\/et_pb_column][et_pb_column type=&#8221;1_6&#8243; _builder_version=&#8221;4.21.0&#8243; _module_preset=&#8221;default&#8221; global_colors_info=&#8221;{}&#8221;][\/et_pb_column][et_pb_column type=&#8221;1_6&#8243; _builder_version=&#8221;4.21.0&#8243; _module_preset=&#8221;default&#8221; global_colors_info=&#8221;{}&#8221;][\/et_pb_column][et_pb_column type=&#8221;1_6&#8243; _builder_version=&#8221;4.21.0&#8243; _module_preset=&#8221;default&#8221; global_colors_info=&#8221;{}&#8221;][\/et_pb_column][\/et_pb_row][\/et_pb_section][et_pb_section fb_built=&#8221;1&#8243; _builder_version=&#8221;4.21.0&#8243; _module_preset=&#8221;default&#8221; custom_padding=&#8221;0px||0px|||&#8221; locked=&#8221;off&#8221; global_colors_info=&#8221;{}&#8221;][et_pb_row column_structure=&#8221;1_2,1_2&#8243; use_custom_gutter=&#8221;on&#8221; gutter_width=&#8221;1&#8243; make_equal=&#8221;on&#8221; _builder_version=&#8221;4.21.0&#8243; _module_preset=&#8221;default&#8221; width=&#8221;100%&#8221; max_width=&#8221;100%&#8221; custom_padding=&#8221;0px||0px|||&#8221; global_colors_info=&#8221;{}&#8221;][et_pb_column type=&#8221;1_2&#8243; _builder_version=&#8221;4.21.0&#8243; _module_preset=&#8221;default&#8221; global_colors_info=&#8221;{}&#8221;][et_pb_code _builder_version=&#8221;4.21.0&#8243; _module_preset=&#8221;default&#8221; global_colors_info=&#8221;{}&#8221;]<iframe src=\"https:\/\/www.google.com\/maps\/embed?pb=!1m14!1m8!1m3!1d6584.086390021272!2d-58.65086300000001!3d-34.400248!3m2!1i1024!2i768!4f13.1!3m3!1m2!1s0x95bca14c058e8fdf%3A0x66bd3487471a6775!2sCalle%20del%20Caminante%2080%2C%20Rinc%C3%B3n%20de%20Milberg%2C%20Provincia%20de%20Buenos%20Aires!5e0!3m2!1ses!2sar!4v1685560670573!5m2!1ses!2sar\" width=\"1200\" height=\"300\" style=\"border:0;\" allowfullscreen=\"\" loading=\"lazy\" referrerpolicy=\"no-referrer-when-downgrade\"><\/iframe>[\/et_pb_code][\/et_pb_column][et_pb_column type=&#8221;1_2&#8243; _builder_version=&#8221;4.21.0&#8243; _module_preset=&#8221;default&#8221; custom_padding=&#8221;40px|40px|40px|40px|true|true&#8221; animation_style=&#8221;slide&#8221; animation_direction=&#8221;bottom&#8221; global_colors_info=&#8221;{}&#8221;][et_pb_text _builder_version=&#8221;4.21.0&#8243; _module_preset=&#8221;default&#8221; header_4_font=&#8221;|700|||||||&#8221; header_4_text_color=&#8221;#333333&#8243; header_4_font_size=&#8221;25px&#8221; hover_enabled=&#8221;0&#8243; global_colors_info=&#8221;{}&#8221; sticky_enabled=&#8221;0&#8243;]<\/p>\n<h4>Cl\u00ednica<\/h4>\n<p>[\/et_pb_text][dnxtblrb_divi_next_blurb blurb_description=&#8221;<\/p>\n<p><strong>Calle del Caminante 80<\/strong>, Vientos del Delta 1,<br \/>oficina 426, Nordelta, Tigre,<br \/>Buenos Aires, Argentina.<\/p>\n<p>&#8221; dnxt_use_icon=&#8221;on&#8221; dnxt_font_icon=&#8221;&#xf3c5;||fa||900&#8243; font_icon_placement=&#8221;dnxt-blurb-wrapper-two-left-center&#8221; font_icon_size=&#8221;25px&#8221; image_placement=&#8221;left-top&#8221; dnxt_icon_padding=&#8221;|15px|||false|false&#8221; _builder_version=&#8221;4.21.0&#8243; _module_preset=&#8221;default&#8221; dnxt_body_font_size=&#8221;18px&#8221; border_width_all_font_icon_border=&#8221;0px&#8221; global_colors_info=&#8221;{}&#8221;][\/dnxtblrb_divi_next_blurb][dnxtblrb_divi_next_blurb blurb_description=&#8221;<\/p>\n<p>+54 9 <strong>4835 6237<\/strong><\/p>\n<p>&#8221; dnxt_use_icon=&#8221;on&#8221; dnxt_font_icon=&#8221;&#xe090;||divi||400&#8243; font_icon_placement=&#8221;dnxt-blurb-wrapper-two-left-center&#8221; font_icon_size=&#8221;25px&#8221; image_placement=&#8221;left-top&#8221; dnxt_icon_margin=&#8221;12px|15px|||false|false&#8221; dnxt_icon_padding=&#8221;||||false|false&#8221; _builder_version=&#8221;4.21.0&#8243; _module_preset=&#8221;default&#8221; dnxt_body_font_size=&#8221;18px&#8221; custom_margin=&#8221;8px||||false|false&#8221; border_width_all_font_icon_border=&#8221;0px&#8221; global_colors_info=&#8221;{}&#8221;][\/dnxtblrb_divi_next_blurb][dnxtblrb_divi_next_blurb blurb_description=&#8221;<\/p>\n<p>consultorio@equipoenvuelo.com<\/p>\n<p>&#8221; dnxt_use_icon=&#8221;on&#8221; dnxt_font_icon=&#8221;&#xe010;||divi||400&#8243; font_icon_placement=&#8221;dnxt-blurb-wrapper-two-left-center&#8221; font_icon_size=&#8221;25px&#8221; image_placement=&#8221;left-top&#8221; dnxt_icon_margin=&#8221;12px|15px|||false|false&#8221; dnxt_icon_padding=&#8221;||||false|false&#8221; _builder_version=&#8221;4.21.0&#8243; _module_preset=&#8221;default&#8221; dnxt_body_font_size=&#8221;18px&#8221; custom_margin=&#8221;10px||||false|false&#8221; border_width_all_font_icon_border=&#8221;0px&#8221; global_colors_info=&#8221;{}&#8221;][\/dnxtblrb_divi_next_blurb][\/et_pb_column][\/et_pb_row][\/et_pb_section]<\/p>\n","protected":false},"excerpt":{"rendered":"<p>TerapiaOcupacionalTem como objetivo desenvolver e promover o desempenho ocupacional de nossas crian\u00e7as (vestir, alimentar-se, higiene, escrita, intera\u00e7\u00e3o social) a partir de diferentes abordagens (Integra\u00e7\u00e3o Sensorial, Neurodesenvolvimento), trabalhando de forma interdisciplinar com a equipe terap\u00eautica, a fam\u00edlia e a escola.AVALIA\u00c7\u00d5ES USADAS Escala de Desenvolvimento Infantil Bayley (III): \u00c9 administrada de 0 a 43 meses. Instrumento que [&hellip;]<\/p>\n","protected":false},"author":1,"featured_media":0,"parent":0,"menu_order":0,"comment_status":"closed","ping_status":"closed","template":"","meta":{"_et_pb_use_builder":"on","_et_pb_old_content":"","_et_gb_content_width":"","footnotes":""},"class_list":["post-106350","page","type-page","status-publish","hentry"],"_links":{"self":[{"href":"https:\/\/equipoenvuelo.com\/pt\/wp-json\/wp\/v2\/pages\/106350","targetHints":{"allow":["GET"]}}],"collection":[{"href":"https:\/\/equipoenvuelo.com\/pt\/wp-json\/wp\/v2\/pages"}],"about":[{"href":"https:\/\/equipoenvuelo.com\/pt\/wp-json\/wp\/v2\/types\/page"}],"author":[{"embeddable":true,"href":"https:\/\/equipoenvuelo.com\/pt\/wp-json\/wp\/v2\/users\/1"}],"replies":[{"embeddable":true,"href":"https:\/\/equipoenvuelo.com\/pt\/wp-json\/wp\/v2\/comments?post=106350"}],"version-history":[{"count":3,"href":"https:\/\/equipoenvuelo.com\/pt\/wp-json\/wp\/v2\/pages\/106350\/revisions"}],"predecessor-version":[{"id":106412,"href":"https:\/\/equipoenvuelo.com\/pt\/wp-json\/wp\/v2\/pages\/106350\/revisions\/106412"}],"wp:attachment":[{"href":"https:\/\/equipoenvuelo.com\/pt\/wp-json\/wp\/v2\/media?parent=106350"}],"curies":[{"name":"wp","href":"https:\/\/api.w.org\/{rel}","templated":true}]}}